{"id":1429,"date":"2026-03-13T14:58:24","date_gmt":"2026-03-13T14:58:24","guid":{"rendered":"https:\/\/techandaudio.com\/?page_id=1429"},"modified":"2026-03-13T15:37:33","modified_gmt":"2026-03-13T15:37:33","slug":"reviews","status":"publish","type":"page","link":"https:\/\/techandaudio.com\/es\/reviews\/","title":{"rendered":"Rese\u00f1as"},"content":{"rendered":"<div data-elementor-type=\"wp-page\" data-elementor-id=\"1429\" class=\"elementor elementor-1429\" data-elementor-post-type=\"page\">\n\t\t\t\t<div class=\"elementor-element elementor-element-1b59161 e-flex e-con-boxed e-con e-parent\" data-id=\"1b59161\" data-element_type=\"container\" data-e-type=\"container\">\n\t\t\t\t\t<div class=\"e-con-inner\">\n\t\t\t\t<div class=\"elementor-element elementor-element-959c2fe elementor-grid-eael-col-4 elementor-grid-tablet-eael-col-2 elementor-grid-mobile-eael-col-1 elementor-widget elementor-widget-eael-post-grid\" data-id=\"959c2fe\" data-element_type=\"widget\" data-e-type=\"widget\" data-settings=\"{&quot;eael_post_grid_columns&quot;:&quot;eael-col-4&quot;,&quot;eael_post_grid_columns_tablet&quot;:&quot;eael-col-2&quot;,&quot;eael_post_grid_columns_mobile&quot;:&quot;eael-col-1&quot;}\" data-widget_type=\"eael-post-grid.default\">\n\t\t\t\t\t<div id=\"eael-post-grid-959c2fe\" class=\"eael-post-grid-container\">\n            <div class=\"eael-post-grid eael-post-appender eael-post-appender-959c2fe eael-post-grid-style-one\" data-layout-mode=\"masonry\"><article class=\"eael-grid-post  eael-post-grid-column eael-pg-post-1822 category-audio-headphones tags-featured-review\" data-id=\"1822\">\n        <div class=\"eael-grid-post-holder\">\n            <div class=\"eael-grid-post-holder-inner\"><div class=\"eael-entry-media\"><div class=\"eael-entry-overlay fade-in\"><i class=\"fas fa-long-arrow-alt-right\" aria-hidden=\"true\"><\/i><a href=\"https:\/\/techandaudio.com\/es\/samsung-galaxy-buds4-pro-review-smarter-sharper-and-deeply-connected\/\"><\/a><\/div><div class=\"eael-entry-thumbnail\">\n                <img fetchpriority=\"high\" decoding=\"async\" width=\"300\" height=\"300\" src=\"https:\/\/techandaudio.com\/wp-content\/uploads\/2026\/04\/WhatsApp-Image-2026-04-09-at-15.04.04-300x300.jpeg\" class=\"attachment-medium size-medium wp-image-1826\" alt=\"Samsung Galaxy Buds4 Pro Review\" srcset=\"https:\/\/techandaudio.com\/wp-content\/uploads\/2026\/04\/WhatsApp-Image-2026-04-09-at-15.04.04-300x300.jpeg 300w, https:\/\/techandaudio.com\/wp-content\/uploads\/2026\/04\/WhatsApp-Image-2026-04-09-at-15.04.04-150x150.jpeg 150w, https:\/\/techandaudio.com\/wp-content\/uploads\/2026\/04\/WhatsApp-Image-2026-04-09-at-15.04.04-768x767.jpeg 768w, https:\/\/techandaudio.com\/wp-content\/uploads\/2026\/04\/WhatsApp-Image-2026-04-09-at-15.04.04-12x12.jpeg 12w, https:\/\/techandaudio.com\/wp-content\/uploads\/2026\/04\/WhatsApp-Image-2026-04-09-at-15.04.04-120x120.jpeg 120w, https:\/\/techandaudio.com\/wp-content\/uploads\/2026\/04\/WhatsApp-Image-2026-04-09-at-15.04.04.jpeg 896w\" sizes=\"(max-width: 300px) 100vw, 300px\" \/>\n            <\/div>\n        <\/div><div class=\"eael-entry-wrapper\"><header class=\"eael-entry-header\"><h2 class=\"eael-entry-title\"><a class=\"eael-grid-post-link\" href=\"https:\/\/techandaudio.com\/es\/samsung-galaxy-buds4-pro-review-smarter-sharper-and-deeply-connected\/\" title=\"Samsung Galaxy Buds4 Pro Review: Smarter, Sharper, and Deeply Connected\">Samsung Galaxy Buds4 Pro Review: Smarter, Sharper, and Deeply Connected<\/a><\/h2><\/header><div class=\"eael-entry-content\">\n                        <div class=\"eael-grid-post-excerpt\"><p>Samsung\u2019s latest earbuds promise more than sound. From AI-powered ANC to ecosystem magic, do the Galaxy Buds4 Pro redefine what premium wireless audio should...<\/p><a href=\"https:\/\/techandaudio.com\/es\/samsung-galaxy-buds4-pro-review-smarter-sharper-and-deeply-connected\/\" class=\"eael-post-elements-readmore-btn\">Leer m\u00e1s<\/a><\/div>\n                    <\/div><div class=\"eael-entry-footer\"><div class=\"eael-author-avatar\"><a href=\"https:\/\/techandaudio.com\/es\/author\/tivan\/\"><img alt='tivan' src='https:\/\/secure.gravatar.com\/avatar\/eb0f4f9e3baeef6542267b4245704ea65b6d0df3bb0dd0aff402cdb57177dc4a?s=96&#038;d=mm&#038;r=g' srcset='https:\/\/secure.gravatar.com\/avatar\/eb0f4f9e3baeef6542267b4245704ea65b6d0df3bb0dd0aff402cdb57177dc4a?s=192&#038;d=mm&#038;r=g 2x' class='avatar avatar-96 photo' height='96' width='96' \/><\/a><\/div><div class=\"eael-entry-meta\"><span class=\"eael-posted-by\"><a href=\"https:\/\/techandaudio.com\/es\/author\/tivan\/\" title=\"Entradas de tivan\" rel=\"author\">tiv\u00e1n<\/a><\/span><span class=\"eael-posted-on\"><time datetime=\"abril 9, 2026\">abril 9, 2026<\/time><\/span><\/div><\/div><\/div><\/div>\n        <\/div>\n    <\/article><article class=\"eael-grid-post  eael-post-grid-column eael-pg-post-1807 category-smart-vaccums tags-featured-review\" data-id=\"1807\">\n        <div class=\"eael-grid-post-holder\">\n            <div class=\"eael-grid-post-holder-inner\"><div class=\"eael-entry-media\"><div class=\"eael-entry-overlay fade-in\"><i class=\"fas fa-long-arrow-alt-right\" aria-hidden=\"true\"><\/i><a href=\"https:\/\/techandaudio.com\/es\/jonr-x1-max-review-a-cleaning-game-changer\/\"><\/a><\/div><div class=\"eael-entry-thumbnail\">\n                <img decoding=\"async\" width=\"300\" height=\"300\" src=\"https:\/\/techandaudio.com\/wp-content\/uploads\/2026\/04\/WhatsApp-Image-2026-04-04-at-16.09.56-300x300.jpeg\" class=\"attachment-medium size-medium wp-image-1809\" alt=\"JONR X1 Max Robot Vacuum and Mop\" srcset=\"https:\/\/techandaudio.com\/wp-content\/uploads\/2026\/04\/WhatsApp-Image-2026-04-04-at-16.09.56-300x300.jpeg 300w, https:\/\/techandaudio.com\/wp-content\/uploads\/2026\/04\/WhatsApp-Image-2026-04-04-at-16.09.56-1024x1024.jpeg 1024w, https:\/\/techandaudio.com\/wp-content\/uploads\/2026\/04\/WhatsApp-Image-2026-04-04-at-16.09.56-150x150.jpeg 150w, https:\/\/techandaudio.com\/wp-content\/uploads\/2026\/04\/WhatsApp-Image-2026-04-04-at-16.09.56-768x768.jpeg 768w, https:\/\/techandaudio.com\/wp-content\/uploads\/2026\/04\/WhatsApp-Image-2026-04-04-at-16.09.56-1536x1536.jpeg 1536w, https:\/\/techandaudio.com\/wp-content\/uploads\/2026\/04\/WhatsApp-Image-2026-04-04-at-16.09.56-12x12.jpeg 12w, https:\/\/techandaudio.com\/wp-content\/uploads\/2026\/04\/WhatsApp-Image-2026-04-04-at-16.09.56-120x120.jpeg 120w, https:\/\/techandaudio.com\/wp-content\/uploads\/2026\/04\/WhatsApp-Image-2026-04-04-at-16.09.56.jpeg 1708w\" sizes=\"(max-width: 300px) 100vw, 300px\" \/>\n            <\/div>\n        <\/div><div class=\"eael-entry-wrapper\"><header class=\"eael-entry-header\"><h2 class=\"eael-entry-title\"><a class=\"eael-grid-post-link\" href=\"https:\/\/techandaudio.com\/es\/jonr-x1-max-review-a-cleaning-game-changer\/\" title=\"JONR X1 Max Review: A Cleaning Game-Changer?\">JONR X1 Max Review: A Cleaning Game-Changer?<\/a><\/h2><\/header><div class=\"eael-entry-content\">\n                        <div class=\"eael-grid-post-excerpt\"><p>Can one robot finally replace daily cleaning? The JONR X1 Max promises powerful suction, real scrubbing, and near-total automation. Here\u2019s what surprised me most!<\/p><a href=\"https:\/\/techandaudio.com\/es\/jonr-x1-max-review-a-cleaning-game-changer\/\" class=\"eael-post-elements-readmore-btn\">Leer m\u00e1s<\/a><\/div>\n                    <\/div><div class=\"eael-entry-footer\"><div class=\"eael-author-avatar\"><a href=\"https:\/\/techandaudio.com\/es\/author\/tivan\/\"><img alt='tivan' src='https:\/\/secure.gravatar.com\/avatar\/eb0f4f9e3baeef6542267b4245704ea65b6d0df3bb0dd0aff402cdb57177dc4a?s=96&#038;d=mm&#038;r=g' srcset='https:\/\/secure.gravatar.com\/avatar\/eb0f4f9e3baeef6542267b4245704ea65b6d0df3bb0dd0aff402cdb57177dc4a?s=192&#038;d=mm&#038;r=g 2x' class='avatar avatar-96 photo' height='96' width='96' \/><\/a><\/div><div class=\"eael-entry-meta\"><span class=\"eael-posted-by\"><a href=\"https:\/\/techandaudio.com\/es\/author\/tivan\/\" title=\"Entradas de tivan\" rel=\"author\">tiv\u00e1n<\/a><\/span><span class=\"eael-posted-on\"><time datetime=\"abril 4, 2026\">abril 4, 2026<\/time><\/span><\/div><\/div><\/div><\/div>\n        <\/div>\n    <\/article><article class=\"eael-grid-post  eael-post-grid-column eael-pg-post-1770 category-smart-security tags-featured-review\" data-id=\"1770\">\n        <div class=\"eael-grid-post-holder\">\n            <div class=\"eael-grid-post-holder-inner\"><div class=\"eael-entry-media\"><div class=\"eael-entry-overlay fade-in\"><i class=\"fas fa-long-arrow-alt-right\" aria-hidden=\"true\"><\/i><a href=\"https:\/\/techandaudio.com\/es\/dahua-wiz-color-bullet-camera-the-night-comes-to-life\/\"><\/a><\/div><div class=\"eael-entry-thumbnail\">\n                <img decoding=\"async\" width=\"300\" height=\"174\" src=\"https:\/\/techandaudio.com\/wp-content\/uploads\/2026\/03\/WhatsApp-Image-2026-03-30-at-22.08.33-3-300x174.jpeg\" class=\"attachment-medium size-medium wp-image-1778\" alt=\"Dahua Wiz Color Bullet Camera\" srcset=\"https:\/\/techandaudio.com\/wp-content\/uploads\/2026\/03\/WhatsApp-Image-2026-03-30-at-22.08.33-3-300x174.jpeg 300w, https:\/\/techandaudio.com\/wp-content\/uploads\/2026\/03\/WhatsApp-Image-2026-03-30-at-22.08.33-3-1024x595.jpeg 1024w, https:\/\/techandaudio.com\/wp-content\/uploads\/2026\/03\/WhatsApp-Image-2026-03-30-at-22.08.33-3-768x446.jpeg 768w, https:\/\/techandaudio.com\/wp-content\/uploads\/2026\/03\/WhatsApp-Image-2026-03-30-at-22.08.33-3-1536x892.jpeg 1536w, https:\/\/techandaudio.com\/wp-content\/uploads\/2026\/03\/WhatsApp-Image-2026-03-30-at-22.08.33-3-18x10.jpeg 18w, https:\/\/techandaudio.com\/wp-content\/uploads\/2026\/03\/WhatsApp-Image-2026-03-30-at-22.08.33-3.jpeg 1600w\" sizes=\"(max-width: 300px) 100vw, 300px\" \/>\n            <\/div>\n        <\/div><div class=\"eael-entry-wrapper\"><header class=\"eael-entry-header\"><h2 class=\"eael-entry-title\"><a class=\"eael-grid-post-link\" href=\"https:\/\/techandaudio.com\/es\/dahua-wiz-color-bullet-camera-the-night-comes-to-life\/\" title=\"C\u00e1mara tipo bala a color Dahua Wiz. \u00bfLa noche cobra vida?\">C\u00e1mara tipo bala a color Dahua Wiz. \u00bfLa noche cobra vida?<\/a><\/h2><\/header><div class=\"eael-entry-content\">\n                        <div class=\"eael-grid-post-excerpt\"><p>En la oscuridad casi total, la c\u00e1mara Dahua Wiz Color revel\u00f3 algo inesperado. Color donde no deber\u00eda haberlo, desafiando lo que cre\u00edamos que eran las c\u00e1maras de seguridad nocturnas...<\/p><a href=\"https:\/\/techandaudio.com\/es\/dahua-wiz-color-bullet-camera-the-night-comes-to-life\/\" class=\"eael-post-elements-readmore-btn\">Leer m\u00e1s<\/a><\/div>\n                    <\/div><div class=\"eael-entry-footer\"><div class=\"eael-author-avatar\"><a href=\"https:\/\/techandaudio.com\/es\/author\/tivan\/\"><img alt='tivan' src='https:\/\/secure.gravatar.com\/avatar\/eb0f4f9e3baeef6542267b4245704ea65b6d0df3bb0dd0aff402cdb57177dc4a?s=96&#038;d=mm&#038;r=g' srcset='https:\/\/secure.gravatar.com\/avatar\/eb0f4f9e3baeef6542267b4245704ea65b6d0df3bb0dd0aff402cdb57177dc4a?s=192&#038;d=mm&#038;r=g 2x' class='avatar avatar-96 photo' height='96' width='96' \/><\/a><\/div><div class=\"eael-entry-meta\"><span class=\"eael-posted-by\"><a href=\"https:\/\/techandaudio.com\/es\/author\/tivan\/\" title=\"Entradas de tivan\" rel=\"author\">tiv\u00e1n<\/a><\/span><span class=\"eael-posted-on\"><time datetime=\"marzo 30, 2026\">30 de marzo de 2026<\/time><\/span><\/div><\/div><\/div><\/div>\n        <\/div>\n    <\/article><article class=\"eael-grid-post  eael-post-grid-column eael-pg-post-1754 category-phones tags-featured-review\" data-id=\"1754\">\n        <div class=\"eael-grid-post-holder\">\n            <div class=\"eael-grid-post-holder-inner\"><div class=\"eael-entry-media\"><div class=\"eael-entry-overlay fade-in\"><i class=\"fas fa-long-arrow-alt-right\" aria-hidden=\"true\"><\/i><a href=\"https:\/\/techandaudio.com\/es\/samsung-galaxy-s26-ultra-review-smarter-not-stronger\/\"><\/a><\/div><div class=\"eael-entry-thumbnail\">\n                <img loading=\"lazy\" decoding=\"async\" width=\"270\" height=\"300\" src=\"https:\/\/techandaudio.com\/wp-content\/uploads\/2026\/03\/WhatsApp-Image-2026-03-29-at-15.47.33-270x300.jpeg\" class=\"attachment-medium size-medium wp-image-1759\" alt=\"Samsung Galaxy S26 S Pen\" srcset=\"https:\/\/techandaudio.com\/wp-content\/uploads\/2026\/03\/WhatsApp-Image-2026-03-29-at-15.47.33-270x300.jpeg 270w, https:\/\/techandaudio.com\/wp-content\/uploads\/2026\/03\/WhatsApp-Image-2026-03-29-at-15.47.33-11x12.jpeg 11w, https:\/\/techandaudio.com\/wp-content\/uploads\/2026\/03\/WhatsApp-Image-2026-03-29-at-15.47.33.jpeg 760w\" sizes=\"(max-width: 270px) 100vw, 270px\" \/>\n            <\/div>\n        <\/div><div class=\"eael-entry-wrapper\"><header class=\"eael-entry-header\"><h2 class=\"eael-entry-title\"><a class=\"eael-grid-post-link\" href=\"https:\/\/techandaudio.com\/es\/samsung-galaxy-s26-ultra-review-smarter-not-stronger\/\" title=\"An\u00e1lisis del Samsung Galaxy S26 Ultra: M\u00e1s inteligente, no m\u00e1s potente.\">An\u00e1lisis del Samsung Galaxy S26 Ultra: M\u00e1s inteligente, no m\u00e1s potente.<\/a><\/h2><\/header><div class=\"eael-entry-content\">\n                        <div class=\"eael-grid-post-excerpt\"><p>El Galaxy S26 Ultra tiene un aspecto familiar, pero algo fundamental ha cambiado. Ya no se trata solo de potencia. Descubre qu\u00e9 es lo que Samsung realmente est\u00e1 creando bajo la superficie...<\/p><a href=\"https:\/\/techandaudio.com\/es\/samsung-galaxy-s26-ultra-review-smarter-not-stronger\/\" class=\"eael-post-elements-readmore-btn\">Leer m\u00e1s<\/a><\/div>\n                    <\/div><div class=\"eael-entry-footer\"><div class=\"eael-author-avatar\"><a href=\"https:\/\/techandaudio.com\/es\/author\/tivan\/\"><img alt='tivan' src='https:\/\/secure.gravatar.com\/avatar\/eb0f4f9e3baeef6542267b4245704ea65b6d0df3bb0dd0aff402cdb57177dc4a?s=96&#038;d=mm&#038;r=g' srcset='https:\/\/secure.gravatar.com\/avatar\/eb0f4f9e3baeef6542267b4245704ea65b6d0df3bb0dd0aff402cdb57177dc4a?s=192&#038;d=mm&#038;r=g 2x' class='avatar avatar-96 photo' height='96' width='96' \/><\/a><\/div><div class=\"eael-entry-meta\"><span class=\"eael-posted-by\"><a href=\"https:\/\/techandaudio.com\/es\/author\/tivan\/\" title=\"Entradas de tivan\" rel=\"author\">tiv\u00e1n<\/a><\/span><span class=\"eael-posted-on\"><time datetime=\"marzo 29, 2026\">29 de marzo de 2026<\/time><\/span><\/div><\/div><\/div><\/div>\n        <\/div>\n    <\/article><\/div>\n            <div class=\"clearfix\"><\/div>\n        <\/div>            <div class=\"eael-load-more-button-wrap\">\n                <button class=\"eael-load-more-button\" id=\"eael-load-more-btn-959c2fe\" data-widget-id=\"959c2fe\" data-widget=\"959c2fe\" data-page-id=\"1429\" data-template=\"{&quot;dir&quot;:&quot;lite&quot;,&quot;file_name&quot;:&quot;one.php&quot;,&quot;name&quot;:&quot;Post-Grid&quot;}\" data-class=\"Essential_Addons_Elementor\\Elements\\Post_Grid\" data-layout=\"masonry\" data-page=\"1\" data-args=\"orderby=date&amp;order=desc&amp;ignore_sticky_posts=1&amp;post_status=publish&amp;posts_per_page=4&amp;offset=0&amp;post_type=post&amp;tax_query%5B0%5D%5Btaxonomy%5D=post_tag&amp;tax_query%5B0%5D%5Bfield%5D=term_id&amp;tax_query%5B0%5D%5Bterms%5D%5B0%5D=24&amp;tax_query%5Brelation%5D=AND\" data-max-page=\"12\">\n                    <span class=\"eael-btn-loader button__loader\"><\/span>\n                    <span class=\"eael_load_more_text\">Cargar m\u00e1s<\/span>\n                <\/button>\n            <\/div>\n            \t\t\t\t<\/div>\n\t\t\t\t\t<\/div>\n\t\t\t\t<\/div>\n\t\t\t\t<\/div>\n\t\t<div class=\"gsp_post_data\" \r\n\t            data-post_type=\"post\" \r\n\t            data-cat=\"phones\" \r\n\t            data-modified=\"120\"\r\n\t            data-created=\"1774789903\"\r\n\t            data-title=\"Samsung Galaxy S26 Ultra Review: Smarter, Not Stronger\" \r\n\t            data-home=\"https:\/\/techandaudio.com\/es\"><\/div>","protected":false},"excerpt":{"rendered":"<p>Dreame X50 Ultra Complete Review: Can It Clean Alone? A new robot vacuum claims it can vacuum, mop, wash its [&hellip;]<\/p>\n","protected":false},"author":1,"featured_media":0,"parent":0,"menu_order":0,"comment_status":"closed","ping_status":"closed","template":"","meta":{"_acf_changed":false,"om_disable_all_campaigns":false,"_monsterinsights_skip_tracking":false,"_monsterinsights_sitenote_active":false,"_monsterinsights_sitenote_note":"","_monsterinsights_sitenote_category":0,"site-sidebar-layout":"no-sidebar","site-content-layout":"","ast-site-content-layout":"full-width-container","site-content-style":"default","site-sidebar-style":"default","ast-global-header-display":"","ast-banner-title-visibility":"","ast-main-header-display":"","ast-hfb-above-header-display":"","ast-hfb-below-header-display":"","ast-hfb-mobile-header-display":"","site-post-title":"","ast-breadcrumbs-content":"","ast-featured-img":"disabled","footer-sml-layout":"","ast-disable-related-posts":"","theme-transparent-header-meta":"","adv-header-id-meta":"","stick-header-meta":"","header-above-stick-meta":"","header-main-stick-meta":"","header-below-stick-meta":"","astra-migrate-meta-layouts":"default","ast-page-background-enabled":"default","ast-page-background-meta":{"desktop":{"background-color":"var(--ast-global-color-5)","background-image":"","background-repeat":"repeat","background-position":"center center","background-size":"auto","background-attachment":"scroll","background-type":"","background-media":"","overlay-type":"","overlay-color":"","overlay-opacity":"","overlay-gradient":""},"tablet":{"background-color":"","background-image":"","background-repeat":"repeat","background-position":"center center","background-size":"auto","background-attachment":"scroll","background-type":"","background-media":"","overlay-type":"","overlay-color":"","overlay-opacity":"","overlay-gradient":""},"mobile":{"background-color":"","background-image":"","background-repeat":"repeat","background-position":"center center","background-size":"auto","background-attachment":"scroll","background-type":"","background-media":"","overlay-type":"","overlay-color":"","overlay-opacity":"","overlay-gradient":""}},"ast-content-background-meta":{"desktop":{"background-color":"var(--ast-global-color-4)","background-image":"","background-repeat":"repeat","background-position":"center center","background-size":"auto","background-attachment":"scroll","background-type":"","background-media":"","overlay-type":"","overlay-color":"","overlay-opacity":"","overlay-gradient":""},"tablet":{"background-color":"var(--ast-global-color-4)","background-image":"","background-repeat":"repeat","background-position":"center center","background-size":"auto","background-attachment":"scroll","background-type":"","background-media":"","overlay-type":"","overlay-color":"","overlay-opacity":"","overlay-gradient":""},"mobile":{"background-color":"var(--ast-global-color-4)","background-image":"","background-repeat":"repeat","background-position":"center center","background-size":"auto","background-attachment":"scroll","background-type":"","background-media":"","overlay-type":"","overlay-color":"","overlay-opacity":"","overlay-gradient":""}},"footnotes":""},"class_list":["post-1429","page","type-page","status-publish","hentry"],"acf":[],"aioseo_notices":[],"_links":{"self":[{"href":"https:\/\/techandaudio.com\/es\/wp-json\/wp\/v2\/pages\/1429","targetHints":{"allow":["GET"]}}],"collection":[{"href":"https:\/\/techandaudio.com\/es\/wp-json\/wp\/v2\/pages"}],"about":[{"href":"https:\/\/techandaudio.com\/es\/wp-json\/wp\/v2\/types\/page"}],"author":[{"embeddable":true,"href":"https:\/\/techandaudio.com\/es\/wp-json\/wp\/v2\/users\/1"}],"replies":[{"embeddable":true,"href":"https:\/\/techandaudio.com\/es\/wp-json\/wp\/v2\/comments?post=1429"}],"version-history":[{"count":5,"href":"https:\/\/techandaudio.com\/es\/wp-json\/wp\/v2\/pages\/1429\/revisions"}],"predecessor-version":[{"id":1434,"href":"https:\/\/techandaudio.com\/es\/wp-json\/wp\/v2\/pages\/1429\/revisions\/1434"}],"wp:attachment":[{"href":"https:\/\/techandaudio.com\/es\/wp-json\/wp\/v2\/media?parent=1429"}],"curies":[{"name":"wp","href":"https:\/\/api.w.org\/{rel}","templated":true}]}}