{"id":16,"date":"2026-02-26T13:52:54","date_gmt":"2026-02-26T13:52:54","guid":{"rendered":"https:\/\/techandaudio.com\/about\/"},"modified":"2026-03-02T19:16:50","modified_gmt":"2026-03-02T19:16:50","slug":"about","status":"publish","type":"page","link":"https:\/\/techandaudio.com\/es\/about\/","title":{"rendered":"Sobre nosotros"},"content":{"rendered":"<p>Bienvenido a Tech&amp;Audio, tu destino ideal para an\u00e1lisis y opiniones honestas y detalladas sobre el mundo de la tecnolog\u00eda. Nuestro sitio web abarca una amplia gama de productos tecnol\u00f3gicos, desde smartphones, televisores y proyectores hasta equipos de audio, c\u00e1maras (incluidas c\u00e1maras de acci\u00f3n), dispositivos para el hogar inteligente, sistemas de seguridad CCTV y una gran variedad de gadgets.<\/p>\n\n\n\n<p>Ya se trate de auriculares, amplificadores, altavoces o los \u00faltimos accesorios inteligentes, nuestro objetivo es proporcionar una gu\u00eda clara, pr\u00e1ctica y fiable para ayudarle a tomar decisiones informadas antes de invertir en su pr\u00f3xima compra tecnol\u00f3gica.<\/p>\n\n\n\n<p>Adem\u00e1s de rese\u00f1as de productos, Tech&amp;Audio te ofrece las \u00faltimas noticias y tendencias tecnol\u00f3gicas, junto con art\u00edculos de opini\u00f3n que exploran el impacto de las innovaciones en la vida cotidiana. Nuestra misi\u00f3n es combinar un an\u00e1lisis exhaustivo con una gran pasi\u00f3n por la tecnolog\u00eda, brindando a nuestros lectores conocimiento e inspiraci\u00f3n.<\/p>\n\n\n\n<p>En Tech&amp;Audio, no solo analizamos dispositivos. Exploramos c\u00f3mo la tecnolog\u00eda transforma nuestra forma de vivir, trabajar y divertirnos. Acomp\u00e1\u00f1anos en este recorrido por los dispositivos, equipos e innovaciones que definen el mundo digital actual.<\/p>\n<div class=\"gsp_post_data\" \r\n\t            data-post_type=\"page\" \r\n\t            data-cat=\"\" \r\n\t            data-modified=\"120\"\r\n\t            data-created=\"1772113974\"\r\n\t            data-title=\"About us\" \r\n\t            data-home=\"https:\/\/techandaudio.com\/es\"><\/div>","protected":false},"excerpt":{"rendered":"<p>Welcome to Tech&amp;Audio, your go-to destination for honest, in-depth reviews and insights in the world of technology. Our site covers [&hellip;]<\/p>\n","protected":false},"author":1,"featured_media":0,"parent":0,"menu_order":0,"comment_status":"closed","ping_status":"closed","template":"","meta":{"_acf_changed":false,"om_disable_all_campaigns":false,"_monsterinsights_skip_tracking":false,"_monsterinsights_sitenote_active":false,"_monsterinsights_sitenote_note":"","_monsterinsights_sitenote_category":0,"site-sidebar-layout":"default","site-content-layout":"","ast-site-content-layout":"default","site-content-style":"default","site-sidebar-style":"default","ast-global-header-display":"","ast-banner-title-visibility":"","ast-main-header-display":"","ast-hfb-above-header-display":"","ast-hfb-below-header-display":"","ast-hfb-mobile-header-display":"","site-post-title":"","ast-breadcrumbs-content":"","ast-featured-img":"","footer-sml-layout":"","ast-disable-related-posts":"","theme-transparent-header-meta":"","adv-header-id-meta":"","stick-header-meta":"","header-above-stick-meta":"","header-main-stick-meta":"","header-below-stick-meta":"","astra-migrate-meta-layouts":"default","ast-page-background-enabled":"default","ast-page-background-meta":{"desktop":{"background-color":"var(--ast-global-color-5)","background-image":"","background-repeat":"repeat","background-position":"center center","background-size":"auto","background-attachment":"scroll","background-type":"","background-media":"","overlay-type":"","overlay-color":"","overlay-opacity":"","overlay-gradient":""},"tablet":{"background-color":"","background-image":"","background-repeat":"repeat","background-position":"center center","background-size":"auto","background-attachment":"scroll","background-type":"","background-media":"","overlay-type":"","overlay-color":"","overlay-opacity":"","overlay-gradient":""},"mobile":{"background-color":"","background-image":"","background-repeat":"repeat","background-position":"center center","background-size":"auto","background-attachment":"scroll","background-type":"","background-media":"","overlay-type":"","overlay-color":"","overlay-opacity":"","overlay-gradient":""}},"ast-content-background-meta":{"desktop":{"background-color":"var(--ast-global-color-4)","background-image":"","background-repeat":"repeat","background-position":"center center","background-size":"auto","background-attachment":"scroll","background-type":"","background-media":"","overlay-type":"","overlay-color":"","overlay-opacity":"","overlay-gradient":""},"tablet":{"background-color":"var(--ast-global-color-4)","background-image":"","background-repeat":"repeat","background-position":"center center","background-size":"auto","background-attachment":"scroll","background-type":"","background-media":"","overlay-type":"","overlay-color":"","overlay-opacity":"","overlay-gradient":""},"mobile":{"background-color":"var(--ast-global-color-4)","background-image":"","background-repeat":"repeat","background-position":"center center","background-size":"auto","background-attachment":"scroll","background-type":"","background-media":"","overlay-type":"","overlay-color":"","overlay-opacity":"","overlay-gradient":""}},"footnotes":""},"class_list":["post-16","page","type-page","status-publish","hentry"],"acf":[],"aioseo_notices":[],"_links":{"self":[{"href":"https:\/\/techandaudio.com\/es\/wp-json\/wp\/v2\/pages\/16","targetHints":{"allow":["GET"]}}],"collection":[{"href":"https:\/\/techandaudio.com\/es\/wp-json\/wp\/v2\/pages"}],"about":[{"href":"https:\/\/techandaudio.com\/es\/wp-json\/wp\/v2\/types\/page"}],"author":[{"embeddable":true,"href":"https:\/\/techandaudio.com\/es\/wp-json\/wp\/v2\/users\/1"}],"replies":[{"embeddable":true,"href":"https:\/\/techandaudio.com\/es\/wp-json\/wp\/v2\/comments?post=16"}],"version-history":[{"count":1,"href":"https:\/\/techandaudio.com\/es\/wp-json\/wp\/v2\/pages\/16\/revisions"}],"predecessor-version":[{"id":723,"href":"https:\/\/techandaudio.com\/es\/wp-json\/wp\/v2\/pages\/16\/revisions\/723"}],"wp:attachment":[{"href":"https:\/\/techandaudio.com\/es\/wp-json\/wp\/v2\/media?parent=16"}],"curies":[{"name":"wp","href":"https:\/\/api.w.org\/{rel}","templated":true}]}}